{"id":360,"date":"2016-05-01T18:20:14","date_gmt":"2016-05-01T18:20:14","guid":{"rendered":"https:\/\/e-schoelzel.de\/?page_id=360"},"modified":"2025-07-23T09:46:18","modified_gmt":"2025-07-23T09:46:18","slug":"impressum","status":"publish","type":"page","link":"https:\/\/e-schoelzel.de\/en\/impressum","title":{"rendered":"Legal Noti\u00adce"},"content":{"rendered":"<div id=\"pl-360\" class=\"panel-layout\"><div id=\"pg-360-0\" class=\"panel-grid panel-no-style\"><div id=\"pgc-360-0-0\" class=\"panel-grid-cell\"><div id=\"panel-360-0-0-0\" class=\"so-panel widget widget_black-studio-tinymce widget_black_studio_tinymce panel-first-child panel-last-child\" data-index=\"0\"><h3 class=\"widget-title\">Impres\u00adsum<\/h3><div class=\"textwidget\"><h4><\/h4>\n<h4>Anga\u00adben gem\u00e4\u00df \u00a7 5 TMG:<\/h4>\n<h4>Eck\u00adhard Sch\u00f6l\u00adzel GBR<br>\nSee\u00adm\u00fcl\u00adlerstra\u00ad\u00dfe 17<br>\nM\u00fcn\u00adchen D 81549<br>\nDeutsch\u00adland<\/h4>\n<h4>Kon\u00adtakt:<br>\nTele\u00adfon: +49 (0)160 8573589<br>\nE\u2011Mail: <a href=\"mailto:eckhard.schoelzel@e-schoelzel.de\">eckhard.schoelzel@e\u2011schoelzel.de<\/a><\/h4>\n<h4>Quel\u00adlen\u00adan\u00adga\u00adben f\u00fcr die ver\u00adwen\u00adde\u00adten Bil\u00adder und Gra\u00adfi\u00adken:<br>\n<a href=\"http:\/\/www.unsplash.com\" target=\"_blank\" rel=\"noopener\">www.unsplash.com<\/a><br>\nhttps:\/\/www.istockphoto.com<br>\nEige\u00adne Auf\u00adnah\u00admen<\/h4>\n<\/div><\/div><\/div><\/div><\/div>","protected":false},"excerpt":{"rendered":"<p>Anga\u00adben gem\u00e4\u00df \u00a7 5 TMG: Eck\u00adhard Sch\u00f6l\u00adzel GBR See\u00adm\u00fcl\u00adlerstra\u00ad\u00dfe 17 M\u00fcn\u00adchen D 81549 Deutsch\u00adland Kon\u00adtakt: Tele\u00adfon: +49 (0)160 8573589 E\u2011Mail: eckhard.schoelzel@e\u2011schoelzel.de Quel\u00adlen\u00adan\u00adga\u00adben f\u00fcr die ver\u00adwen\u00adde\u00adten Bil\u00adder und Gra\u00adfi\u00adken: www.unsplash.com https:\/\/www.istockphoto.com Eige\u00adne Auf\u00adnah\u00admen<\/p>\n","protected":false},"author":2,"featured_media":0,"parent":0,"menu_order":0,"comment_status":"closed","ping_status":"closed","template":"","meta":{"wp_typography_post_enhancements_disabled":false,"footnotes":""},"class_list":["post-360","page","type-page","status-publish","hentry"],"yoast_head":"<!-- This site is optimized with the Yoast SEO plugin v27.4 - https:\/\/yoast.com\/product\/yoast-seo-wordpress\/ -->\n<title>Legal Notice - Eckhard Sch\u00f6lzel &amp; Partner<\/title>\n<meta name=\"robots\" content=\"index, follow, max-snippet:-1, max-image-preview:large, max-video-preview:-1\" \/>\n<link rel=\"canonical\" href=\"https:\/\/e-schoelzel.de\/en\/impressum\" \/>\n<meta property=\"og:locale\" content=\"en_US\" \/>\n<meta property=\"og:type\" content=\"article\" \/>\n<meta property=\"og:title\" content=\"Legal Notice - Eckhard Sch\u00f6lzel &amp; Partner\" \/>\n<meta property=\"og:description\" content=\"Angaben gem\u00e4\u00df \u00a7 5 TMG: Eckhard Sch\u00f6lzel GBR Seem\u00fcllerstra\u00dfe 17 M\u00fcnchen D 81549 Deutschland Kontakt: Telefon: +49 (0)160 8573589 E-Mail: eckhard.schoelzel@e-schoelzel.de Quellenangaben f\u00fcr die verwendeten Bilder und Grafiken: www.unsplash.com https:\/\/www.istockphoto.com Eigene Aufnahmen\" \/>\n<meta property=\"og:url\" content=\"https:\/\/e-schoelzel.de\/en\/impressum\" \/>\n<meta property=\"og:site_name\" content=\"Eckhard Sch\u00f6lzel &amp; Partner\" \/>\n<meta property=\"article:modified_time\" content=\"2025-07-23T09:46:18+00:00\" \/>\n<meta name=\"twitter:card\" content=\"summary_large_image\" \/>\n<meta name=\"twitter:label1\" content=\"Est. reading time\" \/>\n\t<meta name=\"twitter:data1\" content=\"1 minute\" \/>\n<script type=\"application\/ld+json\" class=\"yoast-schema-graph\">{\"@context\":\"https:\\\/\\\/schema.org\",\"@graph\":[{\"@type\":\"WebPage\",\"@id\":\"https:\\\/\\\/e-schoelzel.de\\\/en\\\/impressum\",\"url\":\"https:\\\/\\\/e-schoelzel.de\\\/en\\\/impressum\",\"name\":\"Legal Notice - Eckhard Sch\u00f6lzel &amp; Partner\",\"isPartOf\":{\"@id\":\"https:\\\/\\\/e-schoelzel.de\\\/en\\\/#website\"},\"datePublished\":\"2016-05-01T18:20:14+00:00\",\"dateModified\":\"2025-07-23T09:46:18+00:00\",\"breadcrumb\":{\"@id\":\"https:\\\/\\\/e-schoelzel.de\\\/en\\\/impressum#breadcrumb\"},\"inLanguage\":\"en-US\",\"potentialAction\":[{\"@type\":\"ReadAction\",\"target\":[[\"https:\\\/\\\/e-schoelzel.de\\\/en\\\/impressum\"]]}]},{\"@type\":\"BreadcrumbList\",\"@id\":\"https:\\\/\\\/e-schoelzel.de\\\/en\\\/impressum#breadcrumb\",\"itemListElement\":[{\"@type\":\"ListItem\",\"position\":1,\"name\":\"Home\",\"item\":\"https:\\\/\\\/e-schoelzel.de\\\/en\\\/\"},{\"@type\":\"ListItem\",\"position\":2,\"name\":\"Impressum\"}]},{\"@type\":\"WebSite\",\"@id\":\"https:\\\/\\\/e-schoelzel.de\\\/en\\\/#website\",\"url\":\"https:\\\/\\\/e-schoelzel.de\\\/en\\\/\",\"name\":\"Eckhard Sch\u00f6lzel &amp; Partner\",\"description\":\"Consulting, Coaching, Training, Workshop\",\"potentialAction\":[{\"@type\":\"SearchAction\",\"target\":{\"@type\":\"EntryPoint\",\"urlTemplate\":\"https:\\\/\\\/e-schoelzel.de\\\/en\\\/?s={search_term_string}\"},\"query-input\":{\"@type\":\"PropertyValueSpecification\",\"valueRequired\":true,\"valueName\":\"search_term_string\"}}],\"inLanguage\":\"en-US\"}]}<\/script>\n<!-- \/ Yoast SEO plugin. -->","yoast_head_json":{"title":"Legal Notice - Eckhard Sch\u00f6lzel &amp; Partner","robots":{"index":"index","follow":"follow","max-snippet":"max-snippet:-1","max-image-preview":"max-image-preview:large","max-video-preview":"max-video-preview:-1"},"canonical":"https:\/\/e-schoelzel.de\/en\/impressum","og_locale":"en_US","og_type":"article","og_title":"Legal Notice - Eckhard Sch\u00f6lzel &amp; Partner","og_description":"Angaben gem\u00e4\u00df \u00a7 5 TMG: Eckhard Sch\u00f6lzel GBR Seem\u00fcllerstra\u00dfe 17 M\u00fcnchen D 81549 Deutschland Kontakt: Telefon: +49 (0)160 8573589 E-Mail: eckhard.schoelzel@e-schoelzel.de Quellenangaben f\u00fcr die verwendeten Bilder und Grafiken: www.unsplash.com https:\/\/www.istockphoto.com Eigene Aufnahmen","og_url":"https:\/\/e-schoelzel.de\/en\/impressum","og_site_name":"Eckhard Sch\u00f6lzel &amp; Partner","article_modified_time":"2025-07-23T09:46:18+00:00","twitter_card":"summary_large_image","twitter_misc":{"Est. reading time":"1 minute"},"schema":{"@context":"https:\/\/schema.org","@graph":[{"@type":"WebPage","@id":"https:\/\/e-schoelzel.de\/en\/impressum","url":"https:\/\/e-schoelzel.de\/en\/impressum","name":"Legal Notice - Eckhard Sch\u00f6lzel &amp; Partner","isPartOf":{"@id":"https:\/\/e-schoelzel.de\/en\/#website"},"datePublished":"2016-05-01T18:20:14+00:00","dateModified":"2025-07-23T09:46:18+00:00","breadcrumb":{"@id":"https:\/\/e-schoelzel.de\/en\/impressum#breadcrumb"},"inLanguage":"en-US","potentialAction":[{"@type":"ReadAction","target":[["https:\/\/e-schoelzel.de\/en\/impressum"]]}]},{"@type":"BreadcrumbList","@id":"https:\/\/e-schoelzel.de\/en\/impressum#breadcrumb","itemListElement":[{"@type":"ListItem","position":1,"name":"Home","item":"https:\/\/e-schoelzel.de\/en\/"},{"@type":"ListItem","position":2,"name":"Impressum"}]},{"@type":"WebSite","@id":"https:\/\/e-schoelzel.de\/en\/#website","url":"https:\/\/e-schoelzel.de\/en\/","name":"Eckhard Sch\u00f6lzel &amp; Partner","description":"Consulting, Coaching, Training, Workshop","potentialAction":[{"@type":"SearchAction","target":{"@type":"EntryPoint","urlTemplate":"https:\/\/e-schoelzel.de\/en\/?s={search_term_string}"},"query-input":{"@type":"PropertyValueSpecification","valueRequired":true,"valueName":"search_term_string"}}],"inLanguage":"en-US"}]}},"_links":{"self":[{"href":"https:\/\/e-schoelzel.de\/en\/wp-json\/wp\/v2\/pages\/360","targetHints":{"allow":["GET"]}}],"collection":[{"href":"https:\/\/e-schoelzel.de\/en\/wp-json\/wp\/v2\/pages"}],"about":[{"href":"https:\/\/e-schoelzel.de\/en\/wp-json\/wp\/v2\/types\/page"}],"author":[{"embeddable":true,"href":"https:\/\/e-schoelzel.de\/en\/wp-json\/wp\/v2\/users\/2"}],"replies":[{"embeddable":true,"href":"https:\/\/e-schoelzel.de\/en\/wp-json\/wp\/v2\/comments?post=360"}],"version-history":[{"count":11,"href":"https:\/\/e-schoelzel.de\/en\/wp-json\/wp\/v2\/pages\/360\/revisions"}],"predecessor-version":[{"id":1768,"href":"https:\/\/e-schoelzel.de\/en\/wp-json\/wp\/v2\/pages\/360\/revisions\/1768"}],"wp:attachment":[{"href":"https:\/\/e-schoelzel.de\/en\/wp-json\/wp\/v2\/media?parent=360"}],"curies":[{"name":"wp","href":"https:\/\/api.w.org\/{rel}","templated":true}]}}